{"id":3224,"date":"2018-05-03T05:03:40","date_gmt":"2018-05-03T05:03:40","guid":{"rendered":"http:\/\/www.dentocarmo.com\/?page_id=3224"},"modified":"2018-05-09T08:07:16","modified_gmt":"2018-05-09T08:07:16","slug":"offer-2-2-2-7","status":"publish","type":"page","link":"https:\/\/www.dentocarmo.com\/?page_id=3224","title":{"rendered":"Cl\u00ednica Geral e Preven\u00e7\u00e3o"},"content":{"rendered":"","protected":false},"excerpt":{"rendered":"","protected":false},"author":1,"featured_media":3153,"parent":0,"menu_order":0,"comment_status":"closed","ping_status":"closed","template":"","meta":[],"_links":{"self":[{"href":"https:\/\/www.dentocarmo.com\/index.php?rest_route=\/wp\/v2\/pages\/3224"}],"collection":[{"href":"https:\/\/www.dentocarmo.com\/index.php?rest_route=\/wp\/v2\/pages"}],"about":[{"href":"https:\/\/www.dentocarmo.com\/index.php?rest_route=\/wp\/v2\/types\/page"}],"author":[{"embeddable":true,"href":"https:\/\/www.dentocarmo.com\/index.php?rest_route=\/wp\/v2\/users\/1"}],"replies":[{"embeddable":true,"href":"https:\/\/www.dentocarmo.com\/index.php?rest_route=%2Fwp%2Fv2%2Fcomments&post=3224"}],"version-history":[{"count":1,"href":"https:\/\/www.dentocarmo.com\/index.php?rest_route=\/wp\/v2\/pages\/3224\/revisions"}],"predecessor-version":[{"id":3225,"href":"https:\/\/www.dentocarmo.com\/index.php?rest_route=\/wp\/v2\/pages\/3224\/revisions\/3225"}],"wp:featuredmedia":[{"embeddable":true,"href":"https:\/\/www.dentocarmo.com\/index.php?rest_route=\/wp\/v2\/media\/3153"}],"wp:attachment":[{"href":"https:\/\/www.dentocarmo.com\/index.php?rest_route=%2Fwp%2Fv2%2Fmedia&parent=3224"}],"curies":[{"name":"wp","href":"https:\/\/api.w.org\/{rel}","templated":true}]}}